{"id":980,"date":"2022-10-07T10:56:03","date_gmt":"2022-10-07T08:56:03","guid":{"rendered":"https:\/\/www.babysph\u00e4re.at\/home\/?page_id=980"},"modified":"2025-09-01T14:24:33","modified_gmt":"2025-09-01T12:24:33","slug":"fahrtengeld","status":"publish","type":"page","link":"https:\/\/www.babysph\u00e4re.at\/home\/fahrtengeld\/","title":{"rendered":"Fahrtengeld"},"content":{"rendered":"<p>Die Preise f\u00fcr meine Leistungen <strong>inkludieren alle Anfahrten im n\u00e4heren Umkreis meiner Standorte, sowie die Beratung mit ihrer angegebenen Zeit.<\/strong><\/p>\n<p>F\u00fcr l\u00e4ngere Strecken erlaube ich mir Fahrtgeld zu berechnen. Bitte entnehmen Sie den Richtwert der Grafik:<br \/><strong>wei\u00dfe Zone:<\/strong> keine zus\u00e4tzlichen Fahrtkosten<br \/><strong>orange Zone:<\/strong> bis zu \u20ac 15,\u2013<br \/><strong>gelbe Zone:<\/strong> bis zu \u20ac 20,\u2013<br \/>Gerne w\u00fcrde ich Sie auch beraten wenn Sie nicht in einem der f\u00e4rbigen Bereiche zu Hause sind \u2013 bitte kontaktieren Sie mich pers\u00f6nlich, wir finden eine passende L\u00f6sung.<\/p>\n<p>Bei Fragen bin ich jederzeit gerne erreichbar \u2013 ich freue mich auf Ihre <a href=\"https:\/\/www.babysph\u00e4re.at\/home\/kontakt\/\">Kontaktaufnahme<\/a>!<\/p>\n<p>\u00dcbersteigt die Beratung die angegebene Zeit, so wird f\u00fcr jede angefangene Viertelstunde \u20ac 15 ,\u2013 in Rechnung gestellt.<\/p>\n\n\n<figure class=\"wp-block-image size-large\"><img loading=\"lazy\" decoding=\"async\" width=\"1024\" height=\"731\" src=\"https:\/\/www.babysph\u00e4re.at\/wp-content\/uploads\/2025\/09\/Babyspaehre-Fahrtengeld-1024x731.jpg\" alt=\"\" class=\"wp-image-1287\" srcset=\"https:\/\/www.babysph\u00e4re.at\/wp-content\/uploads\/2025\/09\/Babyspaehre-Fahrtengeld-1024x731.jpg 1024w, https:\/\/www.babysph\u00e4re.at\/wp-content\/uploads\/2025\/09\/Babyspaehre-Fahrtengeld-300x214.jpg 300w, https:\/\/www.babysph\u00e4re.at\/wp-content\/uploads\/2025\/09\/Babyspaehre-Fahrtengeld-768x549.jpg 768w, https:\/\/www.babysph\u00e4re.at\/wp-content\/uploads\/2025\/09\/Babyspaehre-Fahrtengeld-1536x1097.jpg 1536w, https:\/\/www.babysph\u00e4re.at\/wp-content\/uploads\/2025\/09\/Babyspaehre-Fahrtengeld-2048x1463.jpg 2048w\" sizes=\"(max-width: 1024px) 100vw, 1024px\" \/><\/figure>\n","protected":false},"excerpt":{"rendered":"<p>Die Preise f\u00fcr meine Leistungen inkludieren alle Anfahrten im n\u00e4heren Umkreis meiner Standorte, sowie die Beratung mit ihrer angegebenen Zeit. F\u00fcr l\u00e4ngere Strecken erlaube ich mir Fahrtgeld zu berechnen. Bitte entnehmen Sie den Richtwert der Grafik:wei\u00dfe Zone: keine zus\u00e4tzlichen Fahrtkostenorange &hellip; <a href=\"https:\/\/www.babysph\u00e4re.at\/home\/fahrtengeld\/\">Weiter<\/a><\/p>\n","protected":false},"author":2,"featured_media":0,"parent":0,"menu_order":2,"comment_status":"closed","ping_status":"closed","template":"page-fullwidth.php","meta":{"footnotes":""},"_links":{"self":[{"href":"https:\/\/www.babysph\u00e4re.at\/home\/wp-json\/wp\/v2\/pages\/980"}],"collection":[{"href":"https:\/\/www.babysph\u00e4re.at\/home\/wp-json\/wp\/v2\/pages"}],"about":[{"href":"https:\/\/www.babysph\u00e4re.at\/home\/wp-json\/wp\/v2\/types\/page"}],"author":[{"embeddable":true,"href":"https:\/\/www.babysph\u00e4re.at\/home\/wp-json\/wp\/v2\/users\/2"}],"replies":[{"embeddable":true,"href":"https:\/\/www.babysph\u00e4re.at\/home\/wp-json\/wp\/v2\/comments?post=980"}],"version-history":[{"count":29,"href":"https:\/\/www.babysph\u00e4re.at\/home\/wp-json\/wp\/v2\/pages\/980\/revisions"}],"predecessor-version":[{"id":1288,"href":"https:\/\/www.babysph\u00e4re.at\/home\/wp-json\/wp\/v2\/pages\/980\/revisions\/1288"}],"wp:attachment":[{"href":"https:\/\/www.babysph\u00e4re.at\/home\/wp-json\/wp\/v2\/media?parent=980"}],"curies":[{"name":"wp","href":"https:\/\/api.w.org\/{rel}","templated":true}]}}