{"id":60,"date":"2016-03-21T10:18:44","date_gmt":"2016-03-21T09:18:44","guid":{"rendered":"http:\/\/www.baumsteigen.at\/babysphaere\/?page_id=60"},"modified":"2024-01-22T20:56:52","modified_gmt":"2024-01-22T19:56:52","slug":"babymassage","status":"publish","type":"page","link":"https:\/\/www.babysph\u00e4re.at\/home\/babymassage\/","title":{"rendered":"Babymassage"},"content":{"rendered":"<div id=\"kad-wp-gallery84\" class=\"kad-wp-gallery kad-light-wp-gallery clearfix kt-gallery-column-3 rowtight\"><div class=\"tcol-lg-4 tcol-md-4 tcol-sm-4 tcol-xs-6 tcol-ss-12 g_item\"><div class=\"grid_item kad_gallery_fade_in gallery_item\"><a href=\"https:\/\/www.babysph\u00e4re.at\/wp-content\/uploads\/2016\/03\/babyassage.jpg\" data-rel=\"lightbox\" class=\"lightboxhover\"><img loading=\"lazy\" decoding=\"async\" src=\"https:\/\/www.babysph\u00e4re.at\/wp-content\/uploads\/2016\/03\/babyassage-400x400.jpg\" width=\"400\" height=\"400\" alt=\"\" srcset=\"https:\/\/www.babysph\u00e4re.at\/wp-content\/uploads\/2016\/03\/babyassage-400x400.jpg 400w, https:\/\/www.babysph\u00e4re.at\/wp-content\/uploads\/2016\/03\/babyassage-150x150.jpg 150w, https:\/\/www.babysph\u00e4re.at\/wp-content\/uploads\/2016\/03\/babyassage-300x300.jpg 300w, https:\/\/www.babysph\u00e4re.at\/wp-content\/uploads\/2016\/03\/babyassage.jpg 600w\" sizes=\"(max-width: 400px) 100vw, 400px\" class=\"light-dropshaddow\"\/><\/a><\/div><\/div><div class=\"tcol-lg-4 tcol-md-4 tcol-sm-4 tcol-xs-6 tcol-ss-12 g_item\"><div class=\"grid_item kad_gallery_fade_in gallery_item\"><a href=\"https:\/\/www.babysph\u00e4re.at\/wp-content\/uploads\/2016\/03\/20151217JuliaHackl00026k.jpg\" data-rel=\"lightbox\" class=\"lightboxhover\"><img loading=\"lazy\" decoding=\"async\" src=\"https:\/\/www.babysph\u00e4re.at\/wp-content\/uploads\/2016\/03\/20151217JuliaHackl00026k-400x400.jpg\" width=\"400\" height=\"400\" alt=\"\" srcset=\"https:\/\/www.babysph\u00e4re.at\/wp-content\/uploads\/2016\/03\/20151217JuliaHackl00026k-400x400.jpg 400w, https:\/\/www.babysph\u00e4re.at\/wp-content\/uploads\/2016\/03\/20151217JuliaHackl00026k-150x150.jpg 150w\" sizes=\"(max-width: 400px) 100vw, 400px\" class=\"light-dropshaddow\"\/><\/a><\/div><\/div><div class=\"tcol-lg-4 tcol-md-4 tcol-sm-4 tcol-xs-6 tcol-ss-12 g_item\"><div class=\"grid_item kad_gallery_fade_in gallery_item\"><a href=\"https:\/\/www.babysph\u00e4re.at\/wp-content\/uploads\/2016\/03\/babymassage1.jpg\" data-rel=\"lightbox\" class=\"lightboxhover\"><img loading=\"lazy\" decoding=\"async\" src=\"https:\/\/www.babysph\u00e4re.at\/wp-content\/uploads\/2016\/03\/babymassage1-400x400.jpg\" width=\"400\" height=\"400\" alt=\"\" srcset=\"https:\/\/www.babysph\u00e4re.at\/wp-content\/uploads\/2016\/03\/babymassage1-400x400.jpg 400w, https:\/\/www.babysph\u00e4re.at\/wp-content\/uploads\/2016\/03\/babymassage1-150x150.jpg 150w\" sizes=\"(max-width: 400px) 100vw, 400px\" class=\"light-dropshaddow\"\/><\/a><\/div><\/div><\/div>\n<div class=\"row\"> <div class=\"col-md-4\">\n<h3>Preis<\/h3>\n<ul class=\"ul2\">\n<li class=\"li1\">Hausbesuch &#8211; Einzelberatung<br \/>\nKolikmassage bei Bl\u00e4hungen \u20ac 75,\u2013<\/li>\n<li class=\"li1\">Kolikmassage bei Bl\u00e4hungen<br \/>\nf\u00fcr Freundinnen 2+1 Gratis<\/li>\n<li class=\"li1\">Hausbesuch &#8211; Einzelberatung<br \/>\nIntensivkurs Harmonische Babymassage nach Bruno Walter (3 Einheiten) \u20ac 180,\u2013<\/li>\n<li class=\"li1\">Harmonische Babymassage nach Bruno Walter f\u00fcr Freundinnen 2+1 Gratis<\/li>\n<\/ul>\n<p><em>Es ist mir wichtig, dass alle angebotenen Leistungen f\u00fcr alle Menschen unserer Gesellschaft zug\u00e4nglich und leistbar sind! Ein Gro\u00dfteil meiner Angebote wird durch die Krankenkassen in \u00d6sterreich (noch) nicht abgegolten und nur zum Teil durch private Zusatz-Kassen ersetzt. F\u00fcr sozial Schwache und bei l\u00e4ngerer Behandlungsdauer besteht die M\u00f6glichkeit, einen Sozialtarif zu erwirken &#8211; Bitte rufen Sie mich einfach an.<\/em><\/p>\n<\/div><div class=\"col-md-4\">\n<h3>Themen<\/h3>\n<ul class=\"ul2\">\n<li class=\"li1\">Entwicklungsf\u00f6rderung durch Babymassage<\/li>\n<li class=\"li1\">Anleitung zur Kolikmassage<\/li>\n<li class=\"li1\">Anleitung zur Harmonischen Babymassage nach Bruno Walter<\/li>\n<li class=\"li1\">Anwendung von \u00e4therischen \u00d6len bei S\u00e4uglingen<\/li>\n<\/ul>\n<\/div><div class=\"col-md-4\">\n<h3>Angebot<\/h3>\n<ul class=\"ul2\">\n<li>Inkludiert ist die Beratung mit ihrer angegebenen Zeit sowie eine Anfahrt im n\u00e4heren Umkreis meiner Standorte. F\u00fcr weitere Anfahrten erlaube ich mir <a href=\"https:\/\/www.babysph\u00e4re.at\/home\/fahrtengeld\/\">Fahrtengeld<\/a> zu berechnen.<\/li>\n<li class=\"li1\">Zu jeder Babymassage bekommen Sie schriftliche Unterlagen sowie ein Baby-Massage\u00f6l.<\/li>\n<\/ul>\n<h3>Links<\/h3>\n<p><a href=\"http:\/\/www.institut-bruno-walter.de\/\" target=\"_blank\" rel=\"noopener\"><span class=\"s1\">www.institut-bruno-walter.de<\/span><\/a><\/p>\n<\/div><\/div>\n<p style=\"text-align: center;\"><strong>Haben Sie Interesse an einer Babymassage?<\/strong><\/p>\n<p style=\"text-align: center;\">Dann klicken Sie bitte auf &#8222;<a href=\"\/anamneseblatt-babymassage\/\">Babymassage in Anspruch nehmen<\/a>&#8222;, um zu einem unverbindlichen Anamneseblatt zu gelangen.<\/p>\n<p style=\"text-align: center;\"><a href=\"\/anamneseblatt-babymassage\/\" class=\"btn button btn-shortcode kad-btn kad-btn-primary\" id=\"kadbtn136\" target=\"_self\" style=\"background-color:#c19f46;color:#FFF;\"onMouseOver=\"this.style.background='',this.style.color='#CDCDCD'\" onMouseOut=\"this.style.background='#c19f46', this.style.color='#FFF'\">Babymassage in Anspruch nehmen<\/a>\n<div class=\"clearfix\"><\/div>\n<p style=\"text-align: left;\"><a href=\"\/mein-angebot-2\/\">&lt; zur\u00fcck zu meinen Angeboten<\/a><\/p>\n","protected":false},"excerpt":{"rendered":"<p>Haben Sie Interesse an einer Babymassage? Dann klicken Sie bitte auf &#8222;Babymassage in Anspruch nehmen&#8222;, um zu einem unverbindlichen Anamneseblatt zu gelangen. &lt; zur\u00fcck zu meinen Angeboten<\/p>\n","protected":false},"author":1,"featured_media":0,"parent":0,"menu_order":0,"comment_status":"closed","ping_status":"closed","template":"page-fullwidth.php","meta":{"footnotes":""},"_links":{"self":[{"href":"https:\/\/www.babysph\u00e4re.at\/home\/wp-json\/wp\/v2\/pages\/60"}],"collection":[{"href":"https:\/\/www.babysph\u00e4re.at\/home\/wp-json\/wp\/v2\/pages"}],"about":[{"href":"https:\/\/www.babysph\u00e4re.at\/home\/wp-json\/wp\/v2\/types\/page"}],"author":[{"embeddable":true,"href":"https:\/\/www.babysph\u00e4re.at\/home\/wp-json\/wp\/v2\/users\/1"}],"replies":[{"embeddable":true,"href":"https:\/\/www.babysph\u00e4re.at\/home\/wp-json\/wp\/v2\/comments?post=60"}],"version-history":[{"count":61,"href":"https:\/\/www.babysph\u00e4re.at\/home\/wp-json\/wp\/v2\/pages\/60\/revisions"}],"predecessor-version":[{"id":1126,"href":"https:\/\/www.babysph\u00e4re.at\/home\/wp-json\/wp\/v2\/pages\/60\/revisions\/1126"}],"wp:attachment":[{"href":"https:\/\/www.babysph\u00e4re.at\/home\/wp-json\/wp\/v2\/media?parent=60"}],"curies":[{"name":"wp","href":"https:\/\/api.w.org\/{rel}","templated":true}]}}