{"id":54,"date":"2016-03-21T10:14:30","date_gmt":"2016-03-21T09:14:30","guid":{"rendered":"http:\/\/www.baumsteigen.at\/babysphaere\/?page_id=54"},"modified":"2024-06-24T23:29:44","modified_gmt":"2024-06-24T21:29:44","slug":"tragetuchberatung","status":"publish","type":"page","link":"https:\/\/www.babysph\u00e4re.at\/home\/tragetuchberatung\/","title":{"rendered":"Trageberatung"},"content":{"rendered":"<div id=\"kad-wp-gallery69\" class=\"kad-wp-gallery kad-light-wp-gallery clearfix kt-gallery-column-3 rowtight\"><div class=\"tcol-lg-4 tcol-md-4 tcol-sm-4 tcol-xs-6 tcol-ss-12 g_item\"><div class=\"grid_item kad_gallery_fade_in gallery_item\"><a href=\"https:\/\/www.babysph\u00e4re.at\/wp-content\/uploads\/2023\/01\/Tragetuchberatung-3.jpg\" data-rel=\"lightbox\" class=\"lightboxhover\"><img loading=\"lazy\" decoding=\"async\" src=\"https:\/\/www.babysph\u00e4re.at\/wp-content\/uploads\/2023\/01\/Tragetuchberatung-3-400x400.jpg\" width=\"400\" height=\"400\" alt=\"\" srcset=\"https:\/\/www.babysph\u00e4re.at\/wp-content\/uploads\/2023\/01\/Tragetuchberatung-3-400x400.jpg 400w, https:\/\/www.babysph\u00e4re.at\/wp-content\/uploads\/2023\/01\/Tragetuchberatung-3-150x150.jpg 150w, https:\/\/www.babysph\u00e4re.at\/wp-content\/uploads\/2023\/01\/Tragetuchberatung-3-800x800.jpg 800w\" sizes=\"(max-width: 400px) 100vw, 400px\" class=\"light-dropshaddow\"\/><\/a><\/div><\/div><div class=\"tcol-lg-4 tcol-md-4 tcol-sm-4 tcol-xs-6 tcol-ss-12 g_item\"><div class=\"grid_item kad_gallery_fade_in gallery_item\"><a href=\"https:\/\/www.babysph\u00e4re.at\/wp-content\/uploads\/2023\/01\/Tragetuchberatung-2.jpg\" data-rel=\"lightbox\" class=\"lightboxhover\"><img loading=\"lazy\" decoding=\"async\" src=\"https:\/\/www.babysph\u00e4re.at\/wp-content\/uploads\/2023\/01\/Tragetuchberatung-2-400x400.jpg\" width=\"400\" height=\"400\" alt=\"\" srcset=\"https:\/\/www.babysph\u00e4re.at\/wp-content\/uploads\/2023\/01\/Tragetuchberatung-2-400x400.jpg 400w, https:\/\/www.babysph\u00e4re.at\/wp-content\/uploads\/2023\/01\/Tragetuchberatung-2-150x150.jpg 150w, https:\/\/www.babysph\u00e4re.at\/wp-content\/uploads\/2023\/01\/Tragetuchberatung-2-800x800.jpg 800w\" sizes=\"(max-width: 400px) 100vw, 400px\" class=\"light-dropshaddow\"\/><\/a><\/div><\/div><div class=\"tcol-lg-4 tcol-md-4 tcol-sm-4 tcol-xs-6 tcol-ss-12 g_item\"><div class=\"grid_item kad_gallery_fade_in gallery_item\"><a href=\"https:\/\/www.babysph\u00e4re.at\/wp-content\/uploads\/2023\/01\/Tragetuchberatung-1.jpg\" data-rel=\"lightbox\" class=\"lightboxhover\"><img loading=\"lazy\" decoding=\"async\" src=\"https:\/\/www.babysph\u00e4re.at\/wp-content\/uploads\/2023\/01\/Tragetuchberatung-1-400x400.jpg\" width=\"400\" height=\"400\" alt=\"\" srcset=\"https:\/\/www.babysph\u00e4re.at\/wp-content\/uploads\/2023\/01\/Tragetuchberatung-1-400x400.jpg 400w, https:\/\/www.babysph\u00e4re.at\/wp-content\/uploads\/2023\/01\/Tragetuchberatung-1-150x150.jpg 150w, https:\/\/www.babysph\u00e4re.at\/wp-content\/uploads\/2023\/01\/Tragetuchberatung-1-800x800.jpg 800w\" sizes=\"(max-width: 400px) 100vw, 400px\" class=\"light-dropshaddow\"\/><\/a><\/div><\/div><\/div>\n<div class=\"row\">\n<div class=\"col-md-4\">\n\n<h3>Preis und Ablauf:<\/h3>\n<ul class=\"ul2\">\n<li class=\"li1\">Hausbesuch &#8211; Einzelberatung \u20ac 100,\u2013 f\u00fcr 60 Minuten<\/li>\n<\/ul>\n<ul class=\"ul2\">\n<li>Zu Beginn werde ich euch theoretisches Wissen, rund um das Thema Babytragen n\u00e4herbringen. Anschlie\u00dfend zeige ich euch, die unterschiedlichen Tragesysteme mit deren Vor- und Nachteilen. Zum Schluss k\u00f6nnt ihr euch durch ein gro\u00dfes Angebot an Tragehilfen und Traget\u00fcchern, zuerst mit einer Tragepuppe, dann mit eurem Baby durchprobieren.<\/li>\n<li>Nach der Beratung bekommt ihr eine schriftliche Zusammenfassung der besprochenen Themen und Unterlagen zum Nachlesen. Zus\u00e4tzlich bin ich nach der Beratung im Austausch mit den Familien und ihr k\u00f6nnte euch bei Fragen rund um das Thema Tragen, Baby und Kleinkind gerne bei mir melden.<\/li>\n<li>Da ich mir f\u00fcr jede Familie so viel Zeit nehmen kann, wie diese ben\u00f6tigt, so rechne ich nach der Beratung ab. Inkludiert ist die Beratung f\u00fcr 60 Minuten, sowie eine Anfahrt im n\u00e4heren Umkreis meiner Standorte. F\u00fcr weitere Anfahrten erlaube ich mir <a href=\"https:\/\/www.babysph\u00e4re.at\/home\/fahrtengeld\/\">Fahrtengeld<\/a> zu berechnen. Sollte die Beratung die angegebene Zeit \u00fcberschreiten, so wird f\u00fcr jede angefangene Viertelstunde 15 \u20ac in Rechnung gestellt.<\/li>\n<li>Beratung in angenehmer und vertrauter AtmosPH\u00c4RE, unter Wahrung eurer IntimsPH\u00c4RE, das ist BabysPH\u00c4RE<\/li>\n<\/ul>\n<p><em>\u00a0<\/em><\/p>\n<p><em>Es ist mir wichtig, dass alle angebotenen Leistungen f\u00fcr alle Menschen unserer Gesellschaft zug\u00e4nglich und leistbar sind! Ein Gro\u00dfteil meiner Angebote wird durch die Krankenkassen in \u00d6sterreich (noch) nicht abgegolten und nur zum Teil durch private Zusatz-Kassen ersetzt. F\u00fcr sozial Schwache und bei l\u00e4ngerer Behandlungsdauer besteht die M\u00f6glichkeit, einen Sozialtarif zu erwirken \u2013 Bitte rufen Sie mich einfach an.<\/em><\/p>\n<\/div>\n<div class=\"col-md-4\">\n\n<h3>Themen:<\/h3>\n<ul class=\"ul2\">\n<li class=\"li1\">Vorbereitung in der Schwangerschaft auf das Tragen<\/li>\n<li class=\"li1\">Entwicklungsf\u00f6rderung durch Tragen<\/li>\n<li class=\"li1\">Wie kann ich mein Baby am besten Tragen?<\/li>\n<li class=\"li1\">Welches Tragetuch oder Tragehilfe passt am besten zu mir und meiner Familie?<\/li>\n<li class=\"li1\">Welche Bindeweisen gibt es?<\/li>\n<li class=\"li1\">Ab wann kann ich mein Baby tragen?<\/li>\n<li class=\"li1\">Wie lange kann ich mein Baby tragen?<\/li>\n<\/ul>\n<h3 class=\"p1\">Links:<\/h3>\n<ul class=\"ul2\">\n<li style=\"list-style-type: none;\">\n<ul class=\"ul2\">\n<li class=\"li2\"><a href=\"http:\/\/www.trageschule-wien.at\/\" target=\"_blank\" rel=\"noopener\"><span class=\"s1\">www.trageschule-wien.at<\/span><\/a><\/li>\n<li class=\"li2\"><a href=\"http:\/\/www.kangatraining.at\/\" target=\"_blank\" rel=\"noopener\"><span class=\"s1\">www.kangatraining.at<\/span><\/a><\/li>\n<\/ul>\n<\/li>\n<\/ul>\n<\/div>\n<div class=\"col-md-4\">\n\n<h3>Trageprodukte:<\/h3>\n<p>Mei Tai:<\/p>\n<ul>\n<li>Girasol MySol<\/li>\n<li>Kokadi TaiTai<\/li>\n<li>Fr\u00e4ulein H\u00fcbsch (Babysize)<\/li>\n<li>Fr\u00e4ulein H\u00fcbsch Soft Tai (Babysize)<\/li>\n<li>Fr\u00e4ulein H\u00fcbsch (Toddlersize)<\/li>\n<li>DidyTai (Wrap Conversion)<\/li>\n<\/ul>\n<p>Full Buckle:<\/p>\n<ul>\n<li>Kokadi Flip<\/li>\n<li>Emeibaby<\/li>\n<li>Kokadi Onbu<\/li>\n<li>Manduca<\/li>\n<\/ul>\n<p>Ring Sling:<\/p>\n<ul>\n<li>Hoppediz<\/li>\n<li>Kokadi<\/li>\n<\/ul>\n<p>Traget\u00fccher:<\/p>\n<ul>\n<li>Kokadi<\/li>\n<li>Storchenwiege<\/li>\n<li>Didimos<\/li>\n<li>Ergobaby (elastsches TT)<\/li>\n<\/ul>\n<\/div>\n<\/div>\n<p style=\"text-align: center;\"><strong>Haben Sie Interesse an einer Trageberatung?<\/strong><\/p>\n<p style=\"text-align: center;\">Dann klicken Sie bitte auf <a href=\"\/anamneseblatt-tragetuch\/\">&#8222;Trageberatung in Anspruch nehmen&#8220;<\/a>, um zu einem unverbindlichen Anamneseblatt zu gelangen.<\/p>\n<p style=\"text-align: center;\"><a href=\"\/anamneseblatt-tragetuch\/\" class=\"btn button btn-shortcode kad-btn kad-btn-primary\" id=\"kadbtn22\" target=\"_self\" style=\"background-color:#c19f46;color:#FFF;\"onMouseOver=\"this.style.background='',this.style.color='#CDCDCD'\" onMouseOut=\"this.style.background='#c19f46', this.style.color='#FFF'\">Trageberatung in Anspruch nehmen<\/a>\n<p style=\"text-align: left;\"><a href=\"\/mein-angebot-2\/\">&lt; zur\u00fcck zu meinen Angeboten<\/a><\/p>\n","protected":false},"excerpt":{"rendered":"<p>Haben Sie Interesse an einer Trageberatung? Dann klicken Sie bitte auf &#8222;Trageberatung in Anspruch nehmen&#8220;, um zu einem unverbindlichen Anamneseblatt zu gelangen. &lt; zur\u00fcck zu meinen Angeboten<\/p>\n","protected":false},"author":1,"featured_media":0,"parent":0,"menu_order":0,"comment_status":"closed","ping_status":"closed","template":"page-portfolio.php","meta":{"footnotes":""},"_links":{"self":[{"href":"https:\/\/www.babysph\u00e4re.at\/home\/wp-json\/wp\/v2\/pages\/54"}],"collection":[{"href":"https:\/\/www.babysph\u00e4re.at\/home\/wp-json\/wp\/v2\/pages"}],"about":[{"href":"https:\/\/www.babysph\u00e4re.at\/home\/wp-json\/wp\/v2\/types\/page"}],"author":[{"embeddable":true,"href":"https:\/\/www.babysph\u00e4re.at\/home\/wp-json\/wp\/v2\/users\/1"}],"replies":[{"embeddable":true,"href":"https:\/\/www.babysph\u00e4re.at\/home\/wp-json\/wp\/v2\/comments?post=54"}],"version-history":[{"count":80,"href":"https:\/\/www.babysph\u00e4re.at\/home\/wp-json\/wp\/v2\/pages\/54\/revisions"}],"predecessor-version":[{"id":1167,"href":"https:\/\/www.babysph\u00e4re.at\/home\/wp-json\/wp\/v2\/pages\/54\/revisions\/1167"}],"wp:attachment":[{"href":"https:\/\/www.babysph\u00e4re.at\/home\/wp-json\/wp\/v2\/media?parent=54"}],"curies":[{"name":"wp","href":"https:\/\/api.w.org\/{rel}","templated":true}]}}