{"id":52,"date":"2016-03-21T10:39:08","date_gmt":"2016-03-21T09:39:08","guid":{"rendered":"http:\/\/www.baumsteigen.at\/babysphaere\/?page_id=52"},"modified":"2024-06-24T23:37:31","modified_gmt":"2024-06-24T21:37:31","slug":"stillberatung","status":"publish","type":"page","link":"https:\/\/www.babysph\u00e4re.at\/home\/stillberatung\/","title":{"rendered":"Stillberatung"},"content":{"rendered":"\n<figure class=\"wp-block-gallery has-nested-images columns-default is-cropped wp-block-gallery-1 is-layout-flex wp-block-gallery-is-layout-flex\">\n<figure class=\"wp-block-image size-large\"><img loading=\"lazy\" decoding=\"async\" width=\"2000\" height=\"1333\" data-id=\"1064\" src=\"https:\/\/www.babysph\u00e4re.at\/wp-content\/uploads\/2023\/01\/Stillberatung-1.jpg\" alt=\"\" class=\"wp-image-1064\" srcset=\"https:\/\/www.babysph\u00e4re.at\/wp-content\/uploads\/2023\/01\/Stillberatung-1.jpg 2000w, https:\/\/www.babysph\u00e4re.at\/wp-content\/uploads\/2023\/01\/Stillberatung-1-300x200.jpg 300w, https:\/\/www.babysph\u00e4re.at\/wp-content\/uploads\/2023\/01\/Stillberatung-1-1024x682.jpg 1024w, https:\/\/www.babysph\u00e4re.at\/wp-content\/uploads\/2023\/01\/Stillberatung-1-768x512.jpg 768w, https:\/\/www.babysph\u00e4re.at\/wp-content\/uploads\/2023\/01\/Stillberatung-1-1536x1024.jpg 1536w\" sizes=\"(max-width: 2000px) 100vw, 2000px\" \/><\/figure>\n\n\n\n<figure class=\"wp-block-image size-large\"><img loading=\"lazy\" decoding=\"async\" width=\"500\" height=\"333\" data-id=\"6\" src=\"https:\/\/www.babysph\u00e4re.at\/wp-content\/uploads\/2016\/03\/stillberatung.jpg\" alt=\"\" class=\"wp-image-6\" srcset=\"https:\/\/www.babysph\u00e4re.at\/wp-content\/uploads\/2016\/03\/stillberatung.jpg 500w, https:\/\/www.babysph\u00e4re.at\/wp-content\/uploads\/2016\/03\/stillberatung-300x200.jpg 300w\" sizes=\"(max-width: 500px) 100vw, 500px\" \/><\/figure>\n\n\n\n<figure class=\"wp-block-image\"><img loading=\"lazy\" decoding=\"async\" width=\"2000\" height=\"1333\" data-id=\"1066\" src=\"https:\/\/www.babysph\u00e4re.at\/wp-content\/uploads\/2023\/01\/Stillberatung-3.jpg\" alt=\"\" class=\"wp-image-1066\" srcset=\"https:\/\/www.babysph\u00e4re.at\/wp-content\/uploads\/2023\/01\/Stillberatung-3.jpg 2000w, https:\/\/www.babysph\u00e4re.at\/wp-content\/uploads\/2023\/01\/Stillberatung-3-300x200.jpg 300w, https:\/\/www.babysph\u00e4re.at\/wp-content\/uploads\/2023\/01\/Stillberatung-3-1024x682.jpg 1024w, https:\/\/www.babysph\u00e4re.at\/wp-content\/uploads\/2023\/01\/Stillberatung-3-768x512.jpg 768w, https:\/\/www.babysph\u00e4re.at\/wp-content\/uploads\/2023\/01\/Stillberatung-3-1536x1024.jpg 1536w\" sizes=\"(max-width: 2000px) 100vw, 2000px\" \/><\/figure>\n<\/figure>\n\n\n\n<div class=\"col-md-4\">\n<h3 class=\"p1\">Preis<\/h3>\n<ul class=\"ul2\">\n<li class=\"li1\">Hausbesuch &#8211; Einzelberatung \u20ac 100,- f\u00fcr 60min.<\/li>\n<li class=\"li1\">Zungenbandbegutachtung und Vorbereitung auf eine Frenotomie &#8211; \u20ac 90,- f\u00fcr 45min.<\/li>\n<li class=\"li1\">Zungenbandbegutachtung nach einer Frenotomie &#8211; \u20ac 60,- f\u00fcr 30min.<\/li>\n<li>Hausbesuch &#8211; Stillvorbereitung w\u00e4hrend der Schwangerschaft \u20ac 100,\u2013 f\u00fcr 60min.<\/li>\n<li>Telefonische Beratung &#8211;\u00a0 1\u20ac pro Minute<\/li>\n<li>Lasertherapie &#8211; im Rahmen einer Stillberatung ist die Lasertherapie gratis &#8211; um \u20ac 10,- pro Tag kann der Laser auch ausgeborgt werden<\/li>\n<li>Milchpumpenverleih &#8211; um \u20ac 5- pro Tag kann eine Milchpumpe ausgeborgt werden<\/li>\n<\/ul>\n<ul class=\"ul2\">\n<li>Ihr bekommt von mir ein einzigartiges Betreuungspaket zur Verf\u00fcgung gestellt. Dieses beinhaltet die Beratung Vorort, sowie eine schriftliche Zusammenfassung der besprochenen Themen und Unterlagen zum Nachlesen. Zus\u00e4tzlich bin ich nach der Beratung noch im Austausch mit den Familien und ihr k\u00f6nnte euch bei Fragen rund um das Thema Baby und Kleinkind immer gerne bei mir melden.<\/li>\n<li>Da es mir wichtig ist, mir f\u00fcr jede Familie so viel Zeit zu nehmen, wie diese ben\u00f6tigt, so rechne ich nach der Beratung ab. Inkludiert ist die Beratung mit ihrer angegebenen Zeit, sowie eine Anfahrt im n\u00e4heren Umkreis meiner Standorte. F\u00fcr weitere Anfahrten erlaube ich mir <a href=\"https:\/\/www.babysph\u00e4re.at\/home\/fahrtengeld\/\">Fahrtengeld<\/a> zu berechnen. Sollte die Beratung die angegebene Zeit \u00fcberschreiten, so wird f\u00fcr jede angefangene Viertelstunde 15 \u20ac in Rechnung gestellt.<\/li>\n<li>Beratung in angenehmer und vertrauter AtmosPH\u00c4RE, unter Wahrung eurer IntimsPH\u00c4RE, das ist BabysPH\u00c4RE<\/li>\n<\/ul>\n<\/div>\n<div class=\"col-md-4\">\n\n<h3>Themen<\/h3>\n<ul class=\"ul1\">\n<li class=\"li1\">Vorbereitung in der Schwangerschaft auf das Stillen &#8211; was ist sinnvoll f\u00fcr mich, als werdende Mutter\/Vater zu wissen, sodass Probleme beim Stillen vermieden werden k\u00f6nnen<\/li>\n<li class=\"li1\">Stillen in den ersten Tagen &#8211; welche Herausforderungen k\u00f6nnen auftreten und was kann ich dagegen machen? Themen k\u00f6nnen sein: Schmerzen beim Stillen, Stillpositionen, Milchmenge steigern, initiale Brustdr\u00fcsenschwellung [Milcheinschuss], Zuf\u00fctterungsmethoden, Sorgen\/\u00c4ngste rund um das Thema Stillen und Ern\u00e4hrung des Babys, uvm.\u00a0<\/li>\n<li>Gemeinsames \u00fcben und optimieren von Stillpositionen und Stilltechniken<\/li>\n<li class=\"li1\">Gewichtsprobleme beim Baby und Ursachenforschung (sowie Gewichtskontrollen)<\/li>\n<li class=\"li1\">Durchf\u00fchren einer Zungenfunktionskontrolle und Einsch\u00e4tzen von orale Restriktionen (zu kurzes Zungenband \/ Lippenband)<\/li>\n<li>Vorbereitung auf eine Zungenbandtrennung (Empfehlung erfahrener \u00c4rztInnen, achtsames und einf\u00fchlsames aktives Wundmanagement [vorzeigen und gemeinsames \u00fcben] mit Videos zum Nachsehen, Besprechen von Sorgen und \u00c4ngsten,&#8230;)\u00a0<\/li>\n<li class=\"li1\">Ern\u00e4hrung in der Stillzeit &#8211; gibt es etwas, was ich als Mutter Essen\/nicht essen soll\/darf?<\/li>\n<li class=\"li1\">Was mache ich, wenn das Stillen schmerzt?\u00a0<\/li>\n<li class=\"li1\">Pflege bei wunden Mamillen (Brustwarzen) [mit Lasertherapie] und Ursachenforschung<\/li>\n<li class=\"li1\">Wie kann ich meine Milchmenge steigern oder reduzieren?<\/li>\n<li class=\"li1\">Milchgewinnen und aufbewahren von Muttermilch (mit Milchpumpenverleih, wenn gew\u00fcnscht)<\/li>\n<li class=\"li1\">Stillen und Medikamente &#8211; was muss ich beachten?<\/li>\n<li class=\"li1\">Die Beikost &#8211; ein neuer Meilenstein des Babys (Wann soll ich meinem Kind Beikost anbieten? Wie kann ich mein Kind dabei optimal unterst\u00fctzen? Was mache ich, wenn sich mein Kind &#8222;verschluckt&#8220;? &#8230;)<\/li>\n<li class=\"li1\">Was mache ich, wenn mein Kind einen Stillstreik hat?<\/li>\n<li class=\"li1\">Buntes Stillen &#8211; wie kann ich mein Kind ern\u00e4hren, wenn ich nicht vollstillen kann, oder will?\u00a0<\/li>\n<li class=\"li1\">Wie lange soll ich mein Kind stillen &#8211; welche Vorteile hat das Langzeitstillen f\u00fcr Mutter und Kind?\u00a0<\/li>\n<li class=\"li1\">Einf\u00fchlsame Begleitung zum Thema Abstillen<\/li>\n<\/ul>\n<\/div>\n<div class=\"col-md-4\">\n\n<h3 class=\"p1\">Links:<\/h3>\n<ul class=\"ul1\">\n<li style=\"list-style-type: none\">\n<ul class=\"ul1\">\n<li class=\"li2\"><a href=\"http:\/\/www.stillen.at\/\" target=\"_blank\" rel=\"noopener\"><span class=\"s1\">www.stillen.at<\/span><\/a><\/li>\n<li class=\"li2\"><a href=\"http:\/\/www.stillen-institut.at\/de\/wissenswertes-thema-stillen-laktation.html\" target=\"_blank\" rel=\"noopener\"><span class=\"s1\">www.stillen-institut.at<\/span><\/a><\/li>\n<li class=\"li2\"><a href=\"http:\/\/www.elacta.eu\/de\/\" target=\"_blank\" rel=\"noopener\"><span class=\"s1\">www.elacta.eu<\/span><\/a><\/li>\n<\/ul>\n<\/li>\n<\/ul>\n<\/div>\n<div class=\"col-md-4\">\n<p><em>Es ist mir wichtig, dass alle angebotenen Leistungen f\u00fcr alle Menschen unserer Gesellschaft zug\u00e4nglich und leistbar sind! Ein Gro\u00dfteil meiner Angebote wird durch die Krankenkassen in \u00d6sterreich (noch) nicht abgegolten und nur zum Teil durch private Zusatz-Kassen ersetzt. F\u00fcr sozial Schwache und bei l\u00e4ngerer Behandlungsdauer besteht die M\u00f6glichkeit, einen Sozialtarif zu erwirken \u2013 Bitte rufen Sie mich einfach an.<\/em><\/p>\n<\/div>\n[\/hcolumns]\n<p style=\"text-align: center;\"><strong>Haben Sie Interesse an einer Stillberatung?<\/strong><\/p>\n<p style=\"text-align: center;\">Dann klicken Sie Bitte auf <a href=\"\/anamneseblatt-stillberatung\/\">&#8222;Stillberatung in Anspruch nehmen&#8220;<\/a>, um zu einem unverbindlichen Anamneseblatt zu gelangen.<\/p>\n<p style=\"text-align: center;\"><a href=\"\/anamneseblatt-stillberatung\/\" class=\"btn button btn-shortcode kad-btn kad-btn-primary\" id=\"kadbtn449\" target=\"_self\" style=\"background-color:#c19f46;color:#FFF;\"onMouseOver=\"this.style.background='',this.style.color='#CDCDCD'\" onMouseOut=\"this.style.background='#c19f46', this.style.color='#FFF'\">Stillberatung in Anspruch nehmen<\/a>\n<div class=\"clearfix\"><\/div>\n<p style=\"text-align: left;\"><a href=\"\/mein-angebot-2\/\">&lt; zur\u00fcck zu meinen Angeboten<\/a><\/p>","protected":false},"excerpt":{"rendered":"<p>Preis Hausbesuch &#8211; Einzelberatung \u20ac 100,- f\u00fcr 60min. Zungenbandbegutachtung und Vorbereitung auf eine Frenotomie &#8211; \u20ac 90,- f\u00fcr 45min. Zungenbandbegutachtung nach einer Frenotomie &#8211; \u20ac 60,- f\u00fcr 30min. Hausbesuch &#8211; Stillvorbereitung w\u00e4hrend der Schwangerschaft \u20ac 100,\u2013 f\u00fcr 60min. Telefonische Beratung &hellip; <a href=\"https:\/\/www.babysph\u00e4re.at\/home\/stillberatung\/\">Weiter<\/a><\/p>\n","protected":false},"author":1,"featured_media":6,"parent":0,"menu_order":0,"comment_status":"closed","ping_status":"closed","template":"page-fullwidth.php","meta":{"footnotes":""},"_links":{"self":[{"href":"https:\/\/www.babysph\u00e4re.at\/home\/wp-json\/wp\/v2\/pages\/52"}],"collection":[{"href":"https:\/\/www.babysph\u00e4re.at\/home\/wp-json\/wp\/v2\/pages"}],"about":[{"href":"https:\/\/www.babysph\u00e4re.at\/home\/wp-json\/wp\/v2\/types\/page"}],"author":[{"embeddable":true,"href":"https:\/\/www.babysph\u00e4re.at\/home\/wp-json\/wp\/v2\/users\/1"}],"replies":[{"embeddable":true,"href":"https:\/\/www.babysph\u00e4re.at\/home\/wp-json\/wp\/v2\/comments?post=52"}],"version-history":[{"count":105,"href":"https:\/\/www.babysph\u00e4re.at\/home\/wp-json\/wp\/v2\/pages\/52\/revisions"}],"predecessor-version":[{"id":1166,"href":"https:\/\/www.babysph\u00e4re.at\/home\/wp-json\/wp\/v2\/pages\/52\/revisions\/1166"}],"wp:featuredmedia":[{"embeddable":true,"href":"https:\/\/www.babysph\u00e4re.at\/home\/wp-json\/wp\/v2\/media\/6"}],"wp:attachment":[{"href":"https:\/\/www.babysph\u00e4re.at\/home\/wp-json\/wp\/v2\/media?parent=52"}],"curies":[{"name":"wp","href":"https:\/\/api.w.org\/{rel}","templated":true}]}}