{"id":194,"date":"2016-03-21T14:45:05","date_gmt":"2016-03-21T13:45:05","guid":{"rendered":"http:\/\/www.baumsteigen.at\/babysphaere\/?page_id=194"},"modified":"2023-01-23T09:15:43","modified_gmt":"2023-01-23T08:15:43","slug":"agb","status":"publish","type":"page","link":"https:\/\/www.babysph\u00e4re.at\/home\/agb\/","title":{"rendered":"AGB"},"content":{"rendered":"<p class=\"p1\"><b>Allgemeine Gesch\u00e4ftsbedingungen<\/b><\/p>\n<p class=\"p2\"><b>1. Dienstleister<br \/>\n<\/b>Julia Walter e.U.<i><br \/>\n<\/i><a href=\"https:\/\/www.babysph\u00e4re.at\"><span class=\"s1\">www.babysph\u00e4re.at<br \/>\n<\/span><\/a>Vertreten durch: Julia Walter<br \/>\nJedlersdorfer Stra\u00dfe 182\/1\/40<br \/>\n1210 Wien<br \/>\n0043 680 330 30 57<br \/>\n<a class=\"email\" href=\"mailto:juliawalter@gmx.at\">juliawalter@gmx.at<\/a><\/p>\n<p class=\"p2\"><b>2. Art der Dienstleistung<\/b><\/p>\n<p class=\"p2\">Beratung zum Thema \u201eStillen- und Laktation\u201c, \u201eGesundes Babytragen\u201c, \u201eKinesio Taping\u201c, \u201eBabymassage\u201c, S\u00e4uglingspflege\u201c. Beratungssetting je nach Buchung: Personal Training, Gruppenberatung, Workshop oder Vortrag.<\/p>\n<p class=\"p2\"><b>3. Ort der Durchf\u00fchrung<\/b><\/p>\n<p class=\"p2\">Sofern nicht schriftlich anders vereinbart, wird die Beratung in der Jedlersdorfer Stra\u00dfe 182\/1\/40 1210 Wien, abgehalten.<\/p>\n<p class=\"p2\"><b>4. Zustandekommen des Vertrages<\/b><\/p>\n<p class=\"p2\">Durch die schriftliche Buchung im Online-Buchungssystem oder in Ausnahmef\u00e4llen via Email, auf welche eine schriftliche Buchungsbest\u00e4tigung erfolgt, kommt zwischen den Auftraggebern und Frau Julia Walter e.U. ein Vertrag zustande, der zur Einhaltung der in den AGB festgehaltenen Vereinbarungen verpflichtet.<\/p>\n<p class=\"p2\"><b>5. Kosten<\/b><\/p>\n<p class=\"p2\">Die Kosten sind abh\u00e4ngig von der gew\u00e4hlten Dienstleistung.<\/p>\n<p class=\"p2\">Siehe \u201ePreis\u201c in der jeweiligen Dienstleistung.<\/p>\n<p class=\"p2\"><i>Preise exkl. MwSt.<\/i><\/p>\n<p class=\"p2\">Aufgrund Kleinunternehmerregelung Umsatzsteuer befreit (\u00a7 6 Abs. 1 Z 27 UStG).<\/p>\n<p class=\"p2\"><b>6.Zahlungsmodalit\u00e4ten<\/b><\/p>\n<p class=\"p2\">Barzahlung vor Ort.<\/p>\n<p class=\"p2\"><b>7. R\u00fccktrittsrecht<\/b><\/p>\n<p class=\"p2\">Beide Parteien k\u00f6nnen ohne Angabe von Gr\u00fcnden bis 24 Stunden vor Beratungsbeginn vom Vertrag zur\u00fcck treten. Bei Absage weniger als 24 Stunden vor dem Termin wird der volle Beratungspreis in Rechnung gestellt.<\/p>\n<p class=\"p2\">Bei Verhinderung der Dienstleisterin wird ein zeitnaher Ersatztermin angeboten.<\/p>\n<p class=\"p2\"><b>8. Gutscheine<\/b><\/p>\n<p class=\"p2\">Gutscheine k\u00f6nnen f\u00fcr die angebotenen Dienstleistungen erworben werden. G\u00fcltigkeitsdauer 1 Jahr ab Ausstellung, nicht \u00fcbertragbar, keine Barabl\u00f6se m\u00f6glich. Durchf\u00fchrungsort: Beratungsr\u00e4umlichkeiten in Wien.<\/p>\n<p class=\"p2\"><b>9. Informationspflicht und Haftungsausschluss<\/b><\/p>\n<p class=\"p2\">Die TeilnehmerInnen nehmen zur Kenntnis, dass die Teilnahme an der Beratung auf eigene Gefahr erfolgt und die Kursleiterin Julia Walter weder f\u00fcr Personen-, noch Sachsch\u00e4den jeglicher Art, insbesondere f\u00fcr Verletzungen, Sachbesch\u00e4digungen oder Diebst\u00e4hle, sei es vor, w\u00e4hrend oder nach der Teilnahme an der Veranstaltung, weder f\u00fcr grobe noch leichte Fahrl\u00e4ssigkeit haftet.<\/p>\n<p class=\"p2\">Es obliegt der Eigenverantwortlichkeit der KundInnen, Frau Julia Walter Besonderheiten und\/oder Einschr\u00e4nkungen mitzuteilen und das Gelernte fachgerecht umzusetzen.<\/p>\n","protected":false},"excerpt":{"rendered":"<p>Allgemeine Gesch\u00e4ftsbedingungen 1. Dienstleister Julia Walter e.U. www.babysph\u00e4re.at Vertreten durch: Julia Walter Jedlersdorfer Stra\u00dfe 182\/1\/40 1210 Wien 0043 680 330 30 57 juliawalter@gmx.at 2. Art der Dienstleistung Beratung zum Thema \u201eStillen- und Laktation\u201c, \u201eGesundes Babytragen\u201c, \u201eKinesio Taping\u201c, \u201eBabymassage\u201c, S\u00e4uglingspflege\u201c. Beratungssetting &hellip; <a href=\"https:\/\/www.babysph\u00e4re.at\/home\/agb\/\">Weiter<\/a><\/p>\n","protected":false},"author":1,"featured_media":0,"parent":0,"menu_order":9,"comment_status":"closed","ping_status":"closed","template":"page-fullwidth.php","meta":{"footnotes":""},"_links":{"self":[{"href":"https:\/\/www.babysph\u00e4re.at\/home\/wp-json\/wp\/v2\/pages\/194"}],"collection":[{"href":"https:\/\/www.babysph\u00e4re.at\/home\/wp-json\/wp\/v2\/pages"}],"about":[{"href":"https:\/\/www.babysph\u00e4re.at\/home\/wp-json\/wp\/v2\/types\/page"}],"author":[{"embeddable":true,"href":"https:\/\/www.babysph\u00e4re.at\/home\/wp-json\/wp\/v2\/users\/1"}],"replies":[{"embeddable":true,"href":"https:\/\/www.babysph\u00e4re.at\/home\/wp-json\/wp\/v2\/comments?post=194"}],"version-history":[{"count":19,"href":"https:\/\/www.babysph\u00e4re.at\/home\/wp-json\/wp\/v2\/pages\/194\/revisions"}],"predecessor-version":[{"id":1102,"href":"https:\/\/www.babysph\u00e4re.at\/home\/wp-json\/wp\/v2\/pages\/194\/revisions\/1102"}],"wp:attachment":[{"href":"https:\/\/www.babysph\u00e4re.at\/home\/wp-json\/wp\/v2\/media?parent=194"}],"curies":[{"name":"wp","href":"https:\/\/api.w.org\/{rel}","templated":true}]}}